{"id":23,"date":"2017-12-03T12:27:22","date_gmt":"2017-12-03T12:27:22","guid":{"rendered":"http:\/\/pozytywka.local\/mielec\/?page_id=23"},"modified":"2020-08-20T13:57:32","modified_gmt":"2020-08-20T11:57:32","slug":"kontakt","status":"publish","type":"page","link":"https:\/\/www.pozytywka.net.pl\/mielec\/kontakt\/","title":{"rendered":"Kontakt"},"content":{"rendered":"<p>Skontaktuj si\u0119 z nami<\/p>\n<p>Telefon: <a href=\"tel:+48602361439\">602-361-439<\/a><\/p>\n<p><strong><code>\n\n<div class=\"pirate_forms_container widget-no\" id=\"pirate_forms_container_default\">\n\t<!-- header -->\n\t\n\t<!-- thank you -->\n\t\n\t<div class=\"pirate_forms_wrap\">\n\t<!-- errors -->\n\t\n\t<!-- form -->\n\n\t\t<form\n\t\t\tmethod=\"post\"\n\t\t\tenctype=\"application\/x-www-form-urlencoded\"\n\t\t\tclass=\"pirate_forms  form_honeypot-on wordpress-nonce-on pirate-forms-contact-name-on pirate-forms-contact-email-on pirate-forms-contact-subject-on pirate-forms-contact-message-on pirate-forms-contact-submit-on pirate_forms_from_form-on\"\n\t\t\t\t\t>\n\t\t\t<div class=\"pirate_forms_three_inputs_wrap \">\n\t\n\n<div class=\"col-xs-12 pirate_forms_three_inputs form_field_wrap contact_name_wrap col-xs-12 col-sm-6 contact_name_wrap pirate_forms_three_inputs form_field_wrap\">\n\t\t<input type=\"text\" class=\"form-control\" id=\"pirate-forms-contact-name\" name=\"pirate-forms-contact-name\" class=\"\" placeholder=\"Imi\u0119\" required oninvalid=\"this.setCustomValidity('Prosimy si\u0119 przedstawi\u0107')\" onchange=\"this.setCustomValidity('')\" value=\"\" >\n<\/div>\n\n\n<div class=\"col-xs-12 pirate_forms_three_inputs form_field_wrap contact_email_wrap col-xs-12 col-sm-6 contact_email_wrap pirate_forms_three_inputs form_field_wrap\">\n\t\t<input type=\"email\" class=\"form-control\" id=\"pirate-forms-contact-email\" name=\"pirate-forms-contact-email\" class=\"\" placeholder=\"E-mail\" required oninvalid=\"this.setCustomValidity('Prosimy poda\u0107 prawid\u0142owy adres e-mail')\" onchange=\"this.setCustomValidity('')\" value=\"\" >\n<\/div>\n\n\n<div class=\"col-xs-12 pirate_forms_three_inputs form_field_wrap contact_subject_wrap col-xs-12 contact_subject_wrap pirate_forms_three_inputs form_field_wrap\">\n\t\t<input type=\"text\" class=\"form-control\" id=\"pirate-forms-contact-subject\" name=\"pirate-forms-contact-subject\" class=\"\" placeholder=\"Temat (np. Instrument)\"  value=\"\" >\n<\/div>\n\t\t\t<\/div>\n\n\t\n\n<div class=\"col-xs-12 form_field_wrap contact_message_wrap col-xs-12 contact_message_wrap pirate_forms_three_inputs form_field_wrap\">\n\t\t<textarea rows=\"5\" cols=\"30\" class=\"form-control\" id=\"pirate-forms-contact-message\" name=\"pirate-forms-contact-message\" class=\"\" placeholder=\"Wiadomo\u015b\u0107\" required oninvalid=\"this.setCustomValidity('Brakuje tre\u015bci pytania\/wiadomosci')\" onchange=\"this.setCustomValidity('')\" ><\/textarea>\n<\/div>\n\n\n<div class=\"col-xs-12 form_field_wrap contact_submit_wrap\">\n\t<button type=\"submit\" class=\"pirate-forms-submit-button btn btn-primary \" id=\"pirate-forms-contact-submit\" name=\"pirate-forms-contact-submit\" class=\"pirate-forms-submit-button btn btn-primary \" placeholder=\"\" >Wy\u015blij<\/button>\n<\/div>\n<input type=\"hidden\" id=\"pirate_forms_ajax\" name=\"pirate_forms_ajax\" class=\"\" placeholder=\"\"  value=\"0\"><div class=\"form_field_wrap hidden\" style=\"display: none\"><input type=\"text\" id=\"form_honeypot\" name=\"honeypot\" class=\"\" placeholder=\"\"  value=\"\"><\/div><input type=\"hidden\" id=\"pirate_forms_from_widget\" name=\"pirate_forms_from_widget\" class=\"\" placeholder=\"\"  value=\"0\"><input type=\"hidden\" id=\"wordpress-nonce\" name=\"wordpress-nonce\" class=\"\" placeholder=\"\"  value=\"e4654fd6f8\"><input type=\"hidden\" id=\"pirate_forms_from_form\" name=\"pirate_forms_from_form\" class=\"\" placeholder=\"\"  value=\"72acb12cde\">\t\t<\/form>\n\n\t\n\t\t<div class=\"pirate_forms_clearfix\"><\/div>\n\t<\/div>\n\n\t<!-- footer -->\n\t\n<\/div>\n<\/code><\/strong><\/p>\n<hr \/>\n<p>Nasz numer konta\u00a0 podany jest w Regulaminie, kt\u00f3ry po podpisaniu otrzymuje ka\u017cdy ucze\u0144.<br \/>\nW razie potrzeby podajemy r\u00f3wnie\u017c tutaj:<br \/>\nAlior Bank: 79\u00a02490\u00a00005\u00a00000\u00a04000\u00a04533\u00a00502<\/p>\n","protected":false},"excerpt":{"rendered":"<p>Skontaktuj si\u0119 z nami Telefon: 602-361-439 Nasz numer konta\u00a0 podany jest w Regulaminie, kt\u00f3ry po podpisaniu otrzymuje ka\u017cdy ucze\u0144. W razie potrzeby podajemy r\u00f3wnie\u017c tutaj: Alior Bank: 79\u00a02490\u00a00005\u00a00000\u00a04000\u00a04533\u00a00502<\/p>\n","protected":false},"author":2,"featured_media":0,"parent":0,"menu_order":0,"comment_status":"closed","ping_status":"closed","template":"","meta":[],"_links":{"self":[{"href":"https:\/\/www.pozytywka.net.pl\/mielec\/wp-json\/wp\/v2\/pages\/23"}],"collection":[{"href":"https:\/\/www.pozytywka.net.pl\/mielec\/wp-json\/wp\/v2\/pages"}],"about":[{"href":"https:\/\/www.pozytywka.net.pl\/mielec\/wp-json\/wp\/v2\/types\/page"}],"author":[{"embeddable":true,"href":"https:\/\/www.pozytywka.net.pl\/mielec\/wp-json\/wp\/v2\/users\/2"}],"replies":[{"embeddable":true,"href":"https:\/\/www.pozytywka.net.pl\/mielec\/wp-json\/wp\/v2\/comments?post=23"}],"version-history":[{"count":0,"href":"https:\/\/www.pozytywka.net.pl\/mielec\/wp-json\/wp\/v2\/pages\/23\/revisions"}],"wp:attachment":[{"href":"https:\/\/www.pozytywka.net.pl\/mielec\/wp-json\/wp\/v2\/media?parent=23"}],"curies":[{"name":"wp","href":"https:\/\/api.w.org\/{rel}","templated":true}]}}