{"id":29,"date":"2017-12-18T21:33:56","date_gmt":"2017-12-18T20:33:56","guid":{"rendered":"http:\/\/pozytywka.local\/krakow\/?page_id=29"},"modified":"2021-05-18T23:18:54","modified_gmt":"2021-05-18T21:18:54","slug":"list-do-rodzicow","status":"publish","type":"page","link":"https:\/\/www.pozytywka.net.pl\/krakow\/list-do-rodzicow\/","title":{"rendered":"List do rodzic\u00f3w"},"content":{"rendered":"<div style=\"text-align: justify;\">Muzyka to zbi\u00f3r uporz\u0105dkowanych my\u015bli, dozna\u0144 i uczu\u0107. Od tysi\u0119cy lat kszta\u0142ci \u015bwiadomo\u015b\u0107 i inteligencj\u0119. Uczy dobierania s\u0142\u00f3w w rozmowach towarzyskich, czyni ludzi opanowanymi, spokojnymi, pe\u0142nymi rado\u015bci \u017cycia rodzinnego i towarzyskiego. Wymienione zalety uczenia si\u0119 muzyki to zaledwie cz\u0119\u015b\u0107 tego, co mo\u017cna zdoby\u0107 poza poprawnym \u015bpiewaniem, b\u0105d\u017a gr\u0105 na instrumentach muzycznych. W muzyce mo\u017cna wyodr\u0119bni\u0107 \u015bcis\u0142e powi\u0105zania zachowa\u0144 ludzkich w sytuacjach trudnych, od wieku niemowl\u0119cego a\u017c do p\u00f3\u017anej staro\u015bci. Ma to \u015bcis\u0142y zwi\u0105zek z kszta\u0142towaniem si\u0119 kom\u00f3rek m\u00f3zgowych odpowiedzialnych za prawid\u0142owe zachowania i og\u00f3lny stan zdrowia. Muzyka towarzyszy nam przez ca\u0142e \u017cycie, niejednokrotnie niezauwa\u017calnie wprowadza nas w nastr\u00f3j melancholii, wyzwala nas z niedawno przebytych przykrych prze\u017cy\u0107, k\u0142opot\u00f3w, kt\u00f3rych dostarcza nam codzienne \u017cycie. Czyni opanowanymi i odpornymi na stresy. Domy, w kt\u00f3rych kto\u015b muzykuje, s\u0105 bardzo towarzyskie. Ludzie ch\u0119tnie dziel\u0105 si\u0119 z innymi swoimi dobrami, dobrymi radami, s\u0105 otwarci na krzywd\u0119 innych. W rodzinach, w kt\u00f3rych go\u015bci muzyka, wyst\u0119puje pe\u0142na harmonia, zrozumienie i mi\u0142o\u015b\u0107. <a href=\"https:\/\/ewaway.pl\/wyspa-wielkanocna-i-projekt-badawczy-marzen.html\">Odkrywajmy<\/a> w swoim otoczeniu talenty muzyczne, gdy\u017c jest to rzadki dar, a odkryty musi by\u0107 piel\u0119gnowany, pog\u0142\u0119biany i kszta\u0142towany pod opiek\u0105 profesjonalisty, kt\u00f3rym jest muzyk posiadaj\u0105cy fachow\u0105 wiedz\u0119 nauczania.<\/div>\n","protected":false},"excerpt":{"rendered":"<p>Muzyka to zbi\u00f3r uporz\u0105dkowanych my\u015bli, dozna\u0144 i uczu\u0107. Od tysi\u0119cy lat kszta\u0142ci \u015bwiadomo\u015b\u0107 i inteligencj\u0119. Uczy dobierania s\u0142\u00f3w w rozmowach towarzyskich, czyni ludzi opanowanymi, spokojnymi, pe\u0142nymi rado\u015bci \u017cycia rodzinnego i towarzyskiego. Wymienione zalety uczenia si\u0119 muzyki to zaledwie cz\u0119\u015b\u0107 tego, co mo\u017cna zdoby\u0107 poza poprawnym \u015bpiewaniem, b\u0105d\u017a gr\u0105 na instrumentach muzycznych. W muzyce mo\u017cna wyodr\u0119bni\u0107 &hellip; <\/p>\n<p class=\"link-more\"><a href=\"https:\/\/www.pozytywka.net.pl\/krakow\/list-do-rodzicow\/\" class=\"more-link\">Czytaj dalej<span class=\"screen-reader-text\"> \u201eList do rodzic\u00f3w\u201d<\/span><\/a><\/p>\n","protected":false},"author":1,"featured_media":0,"parent":0,"menu_order":0,"comment_status":"closed","ping_status":"closed","template":"","meta":[],"_links":{"self":[{"href":"https:\/\/www.pozytywka.net.pl\/krakow\/wp-json\/wp\/v2\/pages\/29"}],"collection":[{"href":"https:\/\/www.pozytywka.net.pl\/krakow\/wp-json\/wp\/v2\/pages"}],"about":[{"href":"https:\/\/www.pozytywka.net.pl\/krakow\/wp-json\/wp\/v2\/types\/page"}],"author":[{"embeddable":true,"href":"https:\/\/www.pozytywka.net.pl\/krakow\/wp-json\/wp\/v2\/users\/1"}],"replies":[{"embeddable":true,"href":"https:\/\/www.pozytywka.net.pl\/krakow\/wp-json\/wp\/v2\/comments?post=29"}],"version-history":[{"count":0,"href":"https:\/\/www.pozytywka.net.pl\/krakow\/wp-json\/wp\/v2\/pages\/29\/revisions"}],"wp:attachment":[{"href":"https:\/\/www.pozytywka.net.pl\/krakow\/wp-json\/wp\/v2\/media?parent=29"}],"curies":[{"name":"wp","href":"https:\/\/api.w.org\/{rel}","templated":true}]}}