{"id":23,"date":"2017-12-18T21:30:04","date_gmt":"2017-12-18T20:30:04","guid":{"rendered":"http:\/\/pozytywka.local\/krakow\/?page_id=23"},"modified":"2021-08-14T22:29:11","modified_gmt":"2021-08-14T20:29:11","slug":"historia-szkoly","status":"publish","type":"page","link":"https:\/\/www.pozytywka.net.pl\/krakow\/historia-szkoly\/","title":{"rendered":"Historia Szko\u0142y"},"content":{"rendered":"<p>Nasza szko\u0142a powsta\u0142a u schy\u0142ku poprzedniego stulecia, w odpowiedzi na narastaj\u0105ce zapotrzebowanie na prywatne szko\u0142y muzyczne. Coraz wi\u0119cej os\u00f3b podejmowa\u0142o nauk\u0119 gry na instrumentach, a ilo\u015b\u0107 miejsc w szko\u0142ach pa\u0144stwowych by\u0142a ograniczona.\u00a0<span class=\"dots\">Zaczynaj\u0105c od prywatnych zaj\u0119\u0107 z dojazdem do ucznia, Pozytywka ewoluowa\u0142a do aktualnego stanu kilku filii na terenie Krakowa i Mielca.<\/span><\/p>\n<p>Nieprzerwanie rozwijamy nasz\u0105 ofert\u0119, sukcesywnie poszerzaj\u0105c instrumentarium, dodaj\u0105c opcjonalne zaj\u0119cia teoretyczne, czy lekcje \u015bpiewu, a tak\u017ce muzykowanie w zespo\u0142ach. Jeste\u015bmy otwarci na sugestie i wci\u0105\u017c udoskonalamy nasz\u0105 plac\u00f3wk\u0119, by zaspokaja\u0107 oczekiwania naszych uczni\u00f3w.<\/p>\n<p>Jeste\u015bmy szko\u0142\u0105 dla wszystkich, zar\u00f3wno dzieci jak i doros\u0142ych, dla pocz\u0105tkuj\u0105cych oraz zaawansowanych <a href=\"https:\/\/ewaway.pl\/gruzja-kulturalnie-taniec-walka-sztuka-czyli-sukhishvili.html\">muzyk\u00f3w<\/a>. To w\u0142a\u015bnie Wy tworzycie nasz\u0105 histori\u0119, do czego gor\u0105co zach\u0119camy! \ud83d\ude42<\/p>\n","protected":false},"excerpt":{"rendered":"<p>Nasza szko\u0142a powsta\u0142a u schy\u0142ku poprzedniego stulecia, w odpowiedzi na narastaj\u0105ce zapotrzebowanie na prywatne szko\u0142y muzyczne. Coraz wi\u0119cej os\u00f3b podejmowa\u0142o nauk\u0119 gry na instrumentach, a ilo\u015b\u0107 miejsc w szko\u0142ach pa\u0144stwowych by\u0142a ograniczona.\u00a0Zaczynaj\u0105c od prywatnych zaj\u0119\u0107 z dojazdem do ucznia, Pozytywka ewoluowa\u0142a do aktualnego stanu kilku filii na terenie Krakowa i Mielca. Nieprzerwanie rozwijamy nasz\u0105 ofert\u0119, &hellip; <\/p>\n<p class=\"link-more\"><a href=\"https:\/\/www.pozytywka.net.pl\/krakow\/historia-szkoly\/\" class=\"more-link\">Czytaj dalej<span class=\"screen-reader-text\"> \u201eHistoria Szko\u0142y\u201d<\/span><\/a><\/p>\n","protected":false},"author":1,"featured_media":0,"parent":0,"menu_order":0,"comment_status":"closed","ping_status":"closed","template":"","meta":[],"_links":{"self":[{"href":"https:\/\/www.pozytywka.net.pl\/krakow\/wp-json\/wp\/v2\/pages\/23"}],"collection":[{"href":"https:\/\/www.pozytywka.net.pl\/krakow\/wp-json\/wp\/v2\/pages"}],"about":[{"href":"https:\/\/www.pozytywka.net.pl\/krakow\/wp-json\/wp\/v2\/types\/page"}],"author":[{"embeddable":true,"href":"https:\/\/www.pozytywka.net.pl\/krakow\/wp-json\/wp\/v2\/users\/1"}],"replies":[{"embeddable":true,"href":"https:\/\/www.pozytywka.net.pl\/krakow\/wp-json\/wp\/v2\/comments?post=23"}],"version-history":[{"count":0,"href":"https:\/\/www.pozytywka.net.pl\/krakow\/wp-json\/wp\/v2\/pages\/23\/revisions"}],"wp:attachment":[{"href":"https:\/\/www.pozytywka.net.pl\/krakow\/wp-json\/wp\/v2\/media?parent=23"}],"curies":[{"name":"wp","href":"https:\/\/api.w.org\/{rel}","templated":true}]}}