{"id":21,"date":"2017-12-18T21:29:34","date_gmt":"2017-12-18T20:29:34","guid":{"rendered":"http:\/\/pozytywka.local\/krakow\/?page_id=21"},"modified":"2021-08-14T22:28:13","modified_gmt":"2021-08-14T20:28:13","slug":"struktura-szkoly","status":"publish","type":"page","link":"https:\/\/www.pozytywka.net.pl\/krakow\/struktura-szkoly\/","title":{"rendered":"Struktura szko\u0142y"},"content":{"rendered":"<p style=\"text-align: justify;\">Nasza szko\u0142a jest instytucj\u0105 umuzykalniaj\u0105c\u0105 dla wszystkich, kt\u00f3rzy chc\u0105 spr\u00f3bowa\u0107 swoich si\u0142 w muzyce.<\/p>\n<p style=\"text-align: justify;\"><strong>Nie praktykujemy egzamin\u00f3w wst\u0119pnych,<\/strong>\u00a0gdy\u017c uwa\u017camy, \u017ce ka\u017cdy powinien mie\u0107 szans\u0119 sprawdzi\u0107 si\u0119 w tej dziedzinie i samemu dokona\u0107 wyboru, czy chce si\u0119 rozwija\u0107 w tym kierunku.<\/p>\n<p style=\"text-align: justify;\">Wystarczy tylko rozmowa wst\u0119pna i odrobina ch\u0119ci!<\/p>\n<p style=\"text-align: justify;\">Naszym atutem jest\u00a0<strong>nauczanie indywidualne<\/strong> i do\u015bwiadczony zesp\u00f3l nauczycieli.\u00a0Zdajemy sobie spraw\u0119 z tego jak istotny jest bezpo\u015bredni kontakt Ucznia z nauczycielem, dlatego nie tworzymy klas wieloosobowych. Z do\u015bwiadczenia wiemy, \u017ce daje to du\u017co lepsze wyniki w nauce.<\/p>\n<p style=\"text-align: justify;\">Jeste\u015bmy r\u00f3wnie\u017c nastawieni na\u00a0<strong>elastyczno\u015b\u0107 w doborze termin\u00f3w zaj\u0119\u0107,<\/strong>\u00a0co jest dodatkow\u0105 zalet\u0105 indywidualnego toku nauczania.<\/p>\n<p style=\"text-align: justify;\">Przede wszystkim pragniemy nauczy\u0107 gry na instrumencie, ale nie zapominamy r\u00f3wnie\u017c o niezb\u0119dnych\u00a0<strong>elementach teorii muzyki,\u00a0<\/strong>kt\u00f3re wplatamy w tok nauczania praktycznego.<\/p>\n<p style=\"text-align: justify;\">Lekcje odbywaj\u0105 si\u0119\u00a0<strong>raz w tygodniu<\/strong>\u00a0w ustalonym terminie, cho\u0107 jest te\u017c mo\u017cliwo\u015b\u0107 indywidualnych ustale\u0144 cz\u0119stotliwo\u015bci spotka\u0144.<\/p>\n<p style=\"text-align: justify;\">Zaj\u0119cia trwaj\u0105\u00a0<strong>50 minut<\/strong>, a czas ten ustalony zosta\u0142 na podstawie wieloletnich do\u015bwiadcze\u0144 pracy z uczniami &#8211; jest to idealny okres dla koncentracji i wytrzyma\u0142o\u015bci cz\u0142owieka, podczas zdobywania wiedzy i do\u015bwiadcze\u0144 manualnych.<\/p>\n<p style=\"text-align: justify;\">Zapraszamy\u00a0<strong>dzieci od wieku szkolnego<\/strong>\u00a0a\u017c po\u00a0<strong>doros\u0142ych w ka\u017cdym wieku<\/strong>\u00a0&#8211; bo na nauk\u0119 nigdy nie jest za p\u00f3\u017ano!<\/p>\n<p style=\"text-align: justify;\">Na koniec ka\u017cdy nasz Ucze\u0144 otrzymuje\u00a0<strong>\u015awiadectwo lub Za\u015bwiadczenie<\/strong>\u00a0potwierdzaj\u0105ce nauk\u0119 w naszej szkole. Dokumenty te daj\u0105 mo\u017cliwo\u015b\u0107 kontynuacji nauczania u nas w roku nast\u0119pnym, a tak\u017ce s\u0105 cz\u0119sto respektowane w innych instytucjach edukacyjnych, pokazuj\u0105c dotychczasowe osi\u0105gni\u0119cia Ucznia.<\/p>\n<p style=\"text-align: justify;\">Spr\u00f3bowa\u0107 zawsze warto &#8211; zapraszamy!!<\/p>\n","protected":false},"excerpt":{"rendered":"<p>Nasza szko\u0142a jest instytucj\u0105 umuzykalniaj\u0105c\u0105 dla wszystkich, kt\u00f3rzy chc\u0105 spr\u00f3bowa\u0107 swoich si\u0142 w muzyce. Nie praktykujemy egzamin\u00f3w wst\u0119pnych,\u00a0gdy\u017c uwa\u017camy, \u017ce ka\u017cdy powinien mie\u0107 szans\u0119 sprawdzi\u0107 si\u0119 w tej dziedzinie i samemu dokona\u0107 wyboru, czy chce si\u0119 rozwija\u0107 w tym kierunku. Wystarczy tylko rozmowa wst\u0119pna i odrobina ch\u0119ci! Naszym atutem jest\u00a0nauczanie indywidualne i do\u015bwiadczony zesp\u00f3l nauczycieli.\u00a0Zdajemy &hellip; <\/p>\n<p class=\"link-more\"><a href=\"https:\/\/www.pozytywka.net.pl\/krakow\/struktura-szkoly\/\" class=\"more-link\">Czytaj dalej<span class=\"screen-reader-text\"> \u201eStruktura szko\u0142y\u201d<\/span><\/a><\/p>\n","protected":false},"author":1,"featured_media":0,"parent":0,"menu_order":0,"comment_status":"closed","ping_status":"closed","template":"","meta":[],"_links":{"self":[{"href":"https:\/\/www.pozytywka.net.pl\/krakow\/wp-json\/wp\/v2\/pages\/21"}],"collection":[{"href":"https:\/\/www.pozytywka.net.pl\/krakow\/wp-json\/wp\/v2\/pages"}],"about":[{"href":"https:\/\/www.pozytywka.net.pl\/krakow\/wp-json\/wp\/v2\/types\/page"}],"author":[{"embeddable":true,"href":"https:\/\/www.pozytywka.net.pl\/krakow\/wp-json\/wp\/v2\/users\/1"}],"replies":[{"embeddable":true,"href":"https:\/\/www.pozytywka.net.pl\/krakow\/wp-json\/wp\/v2\/comments?post=21"}],"version-history":[{"count":0,"href":"https:\/\/www.pozytywka.net.pl\/krakow\/wp-json\/wp\/v2\/pages\/21\/revisions"}],"wp:attachment":[{"href":"https:\/\/www.pozytywka.net.pl\/krakow\/wp-json\/wp\/v2\/media?parent=21"}],"curies":[{"name":"wp","href":"https:\/\/api.w.org\/{rel}","templated":true}]}}