{"id":13,"date":"2017-12-18T21:26:03","date_gmt":"2017-12-18T20:26:03","guid":{"rendered":"http:\/\/pozytywka.local\/krakow\/?page_id=13"},"modified":"2020-09-15T15:40:38","modified_gmt":"2020-09-15T13:40:38","slug":"rekrutacja","status":"publish","type":"page","link":"https:\/\/www.pozytywka.net.pl\/krakow\/","title":{"rendered":"Rekrutacja"},"content":{"rendered":"<h2 style=\"text-align: center;\">ZAPISY DO SZKO\u0141Y\u00a0PROWADZIMY<br \/>\nPRZEZ <strong>CA\u0141Y ROK<\/strong><\/h2>\n<h2 style=\"text-align: center;\">ze wzgl\u0119du na<br \/>\n<strong style=\"letter-spacing: 0.1em;\">nauczanie 1:1<br \/>\n<\/strong>Ilo\u015b\u0107 miejsc na<br \/>\nkonkretne instrumenty\/\u015bpiew<br \/>\njest ograniczona<\/h2>\n<p style=\"text-align: center;\">\u00a0Dowiedz si\u0119 wi\u0119cej:<\/p>\n<p style=\"text-align: center;\"><strong>tel.\u00a0<a href=\"tel:+48606629960\">606-629-960<\/a><\/strong><\/p>\n","protected":false},"excerpt":{"rendered":"<p>ZAPISY DO SZKO\u0141Y\u00a0PROWADZIMY PRZEZ CA\u0141Y ROK ze wzgl\u0119du na nauczanie 1:1 Ilo\u015b\u0107 miejsc na konkretne instrumenty\/\u015bpiew jest ograniczona \u00a0Dowiedz si\u0119 wi\u0119cej: tel.\u00a0606-629-960<\/p>\n","protected":false},"author":1,"featured_media":0,"parent":0,"menu_order":0,"comment_status":"closed","ping_status":"closed","template":"","meta":[],"_links":{"self":[{"href":"https:\/\/www.pozytywka.net.pl\/krakow\/wp-json\/wp\/v2\/pages\/13"}],"collection":[{"href":"https:\/\/www.pozytywka.net.pl\/krakow\/wp-json\/wp\/v2\/pages"}],"about":[{"href":"https:\/\/www.pozytywka.net.pl\/krakow\/wp-json\/wp\/v2\/types\/page"}],"author":[{"embeddable":true,"href":"https:\/\/www.pozytywka.net.pl\/krakow\/wp-json\/wp\/v2\/users\/1"}],"replies":[{"embeddable":true,"href":"https:\/\/www.pozytywka.net.pl\/krakow\/wp-json\/wp\/v2\/comments?post=13"}],"version-history":[{"count":0,"href":"https:\/\/www.pozytywka.net.pl\/krakow\/wp-json\/wp\/v2\/pages\/13\/revisions"}],"wp:attachment":[{"href":"https:\/\/www.pozytywka.net.pl\/krakow\/wp-json\/wp\/v2\/media?parent=13"}],"curies":[{"name":"wp","href":"https:\/\/api.w.org\/{rel}","templated":true}]}}